{"id":351,"date":"2025-07-07T10:59:10","date_gmt":"2025-07-07T08:59:10","guid":{"rendered":"https:\/\/observatori.aiguesmanresa.cat\/mesas-de-trabajo\/"},"modified":"2025-08-12T11:32:52","modified_gmt":"2025-08-12T09:32:52","slug":"mesas-de-trabajo","status":"publish","type":"page","link":"https:\/\/observatori.aiguesmanresa.cat\/es\/mesas-de-trabajo\/","title":{"rendered":"Mesas de Trabajo"},"content":{"rendered":"\n\n\n\n\n\n\n\n\n\n\n\n\n\n\n\n\n\n\n\n\n\n\n\n\n\n\n\n\n\n\n\n\n\n\n\n\n\n\n\n\n\n\n\n\n\n\n\n\n\n\n\n\n\n\n\n\n\n\n\n\n\n\n\n\n\n\n\n\n\n\n\n\n\n\n\n\n\n\n\n\n\n\n\n\n\n\n\n\n\n\n\n\n\n\n\n\n\n\n\n\n\n\n\n\n\n\n\n\n\n\n\n\n\n\n\n\n\n\n\n\n\n\n\n\n\n\n\n\n\n\n\n\n\n\n\n\n\n\n\n\n\n\n\n\n\n\n\n\n\n\n\n\n\n\n\n\n\n\n\n\n\n\n\n\n\n\n\n\n\n\n\n\n\n\n\n\n\n\n\n\n\n\n\n\n\n\n\n\n\n\n\n\n\n\n\n\n\n\n\n\n\n\n\n\n\n\n\n\n\n\n\n\n\n\n\n","protected":false},"excerpt":{"rendered":"<p>El Observatorio del Agua se organizar\u00e1 a trav\u00e9s de mesas de trabajo sobre distintos temas. Estas mesas de trabajo son espacios de participaci\u00f3n abiertos, que estar\u00e1n formados por los miembros del plenario que libremente hayan decidido participar y tambi\u00e9n podr\u00e1n participar entidades, colectivos o ciudadan\u00eda.<\/p>\n","protected":false},"author":1,"featured_media":277,"parent":0,"menu_order":7,"comment_status":"closed","ping_status":"closed","template":"","meta":{"inline_featured_image":false,"footnotes":""},"class_list":["post-351","page","type-page","status-publish","has-post-thumbnail","hentry"],"_links":{"self":[{"href":"https:\/\/observatori.aiguesmanresa.cat\/es\/wp-json\/wp\/v2\/pages\/351","targetHints":{"allow":["GET"]}}],"collection":[{"href":"https:\/\/observatori.aiguesmanresa.cat\/es\/wp-json\/wp\/v2\/pages"}],"about":[{"href":"https:\/\/observatori.aiguesmanresa.cat\/es\/wp-json\/wp\/v2\/types\/page"}],"author":[{"embeddable":true,"href":"https:\/\/observatori.aiguesmanresa.cat\/es\/wp-json\/wp\/v2\/users\/1"}],"replies":[{"embeddable":true,"href":"https:\/\/observatori.aiguesmanresa.cat\/es\/wp-json\/wp\/v2\/comments?post=351"}],"version-history":[{"count":2,"href":"https:\/\/observatori.aiguesmanresa.cat\/es\/wp-json\/wp\/v2\/pages\/351\/revisions"}],"predecessor-version":[{"id":354,"href":"https:\/\/observatori.aiguesmanresa.cat\/es\/wp-json\/wp\/v2\/pages\/351\/revisions\/354"}],"wp:featuredmedia":[{"embeddable":true,"href":"https:\/\/observatori.aiguesmanresa.cat\/es\/wp-json\/wp\/v2\/media\/277"}],"wp:attachment":[{"href":"https:\/\/observatori.aiguesmanresa.cat\/es\/wp-json\/wp\/v2\/media?parent=351"}],"curies":[{"name":"wp","href":"https:\/\/api.w.org\/{rel}","templated":true}]}}