{"id":347,"date":"2025-07-04T10:10:15","date_gmt":"2025-07-04T08:10:15","guid":{"rendered":"https:\/\/observatori.aiguesmanresa.cat\/plenario\/"},"modified":"2025-11-13T09:37:10","modified_gmt":"2025-11-13T08:37:10","slug":"plenario","status":"publish","type":"page","link":"https:\/\/observatori.aiguesmanresa.cat\/es\/plenario\/","title":{"rendered":"Plenario"},"content":{"rendered":"\n\n\n\n\n\n\n\n\n\n\n\n\n\n\n\n\n\n\n\n\n\n\n\n\n\n\n\n\n\n\n\n\n\n\n\n\n\n\n\n\n\n\n\n\n\n\n\n\n\n\n\n\n\n\n\n\n\n\n\n\n\n\n\n\n\n\n\n","protected":false},"excerpt":{"rendered":"<p>El plenario es el m\u00e1ximo \u00f3rgano de representaci\u00f3n del Observatorio y est\u00e1 compuesto por un conjunto de personas que incluyen miembros de la empresa, personas expertas en diferentes \u00e1mbitos y representantes de las administraciones p\u00fablicas, de entidades y de asociaciones.<\/p>\n","protected":false},"author":1,"featured_media":275,"parent":0,"menu_order":5,"comment_status":"closed","ping_status":"closed","template":"","meta":{"inline_featured_image":false,"footnotes":""},"class_list":["post-347","page","type-page","status-publish","has-post-thumbnail","hentry"],"_links":{"self":[{"href":"https:\/\/observatori.aiguesmanresa.cat\/es\/wp-json\/wp\/v2\/pages\/347","targetHints":{"allow":["GET"]}}],"collection":[{"href":"https:\/\/observatori.aiguesmanresa.cat\/es\/wp-json\/wp\/v2\/pages"}],"about":[{"href":"https:\/\/observatori.aiguesmanresa.cat\/es\/wp-json\/wp\/v2\/types\/page"}],"author":[{"embeddable":true,"href":"https:\/\/observatori.aiguesmanresa.cat\/es\/wp-json\/wp\/v2\/users\/1"}],"replies":[{"embeddable":true,"href":"https:\/\/observatori.aiguesmanresa.cat\/es\/wp-json\/wp\/v2\/comments?post=347"}],"version-history":[{"count":4,"href":"https:\/\/observatori.aiguesmanresa.cat\/es\/wp-json\/wp\/v2\/pages\/347\/revisions"}],"predecessor-version":[{"id":379,"href":"https:\/\/observatori.aiguesmanresa.cat\/es\/wp-json\/wp\/v2\/pages\/347\/revisions\/379"}],"wp:featuredmedia":[{"embeddable":true,"href":"https:\/\/observatori.aiguesmanresa.cat\/es\/wp-json\/wp\/v2\/media\/275"}],"wp:attachment":[{"href":"https:\/\/observatori.aiguesmanresa.cat\/es\/wp-json\/wp\/v2\/media?parent=347"}],"curies":[{"name":"wp","href":"https:\/\/api.w.org\/{rel}","templated":true}]}}